{"id":5,"date":"2009-10-26T13:15:13","date_gmt":"2009-10-26T13:15:13","guid":{"rendered":"http:\/\/madebyamo.oden.st\/?page_id=5"},"modified":"2019-10-22T19:08:42","modified_gmt":"2019-10-22T17:08:42","slug":"om-amo","status":"publish","type":"page","link":"https:\/\/madebyamo.oden.st\/?page_id=5","title":{"rendered":"Om Anno"},"content":{"rendered":"<p>Jag brinner inte f\u00f6r sl\u00f6jd och hantverk. Jag menar, jag st\u00e5r inte p\u00e5 balustraden och ropar ut dess f\u00f6rtr\u00e4fflighet, eller kl\u00e4r in hela bilar med min stickning. Men sl\u00f6jden \u00e4r viktig f\u00f6r mig. Den \u00e4r en s\u00e5 sj\u00e4lvklar del av livet s\u00e5 jag undrar hur jag skulle kunna leva utan skapandet. Utan skaparlusten och gl\u00e4djen i hantverket.<\/p>\n<p>D\u00e4rmed inte sagt att jag \u00e4ter med virkn\u00e5len i handen, eller sover med sandpapper under huvudkudden. Jag broderar inte alltid framf\u00f6r teven och\u00a0 jag producerar inte ens n\u00e5got\u00a0 <em>varje<\/em> vecka. Jag m\u00e5r bra av sl\u00f6jdande, det \u00e4r min avslappning, min meditation och en av mina gl\u00e4dje\u00e4mnen i livet. D\u00e4rf\u00f6r sl\u00f6jdar jag n\u00e4r jag k\u00e4nner f\u00f6r det, och har alltid gjort det, men d\u00e4remot skiftar teknikerna med hum\u00f6ret.<\/p>\n<p>Och jag \u00e4r inte pretenti\u00f6s. Att sl\u00f6jda \u00e4r ingen t\u00e4vling. Mest avancerad teknik vinner inte, och jag \u00e4r inte r\u00e4dd f\u00f6r att prova nya tekniker. Det \u00e4r n\u00e4mligen s\u00e5 att r\u00e4tt teknik f\u00f6r \u00e4ndam\u00e5let och stunden \u00e4r vinnaren hos mig.\u00a0 Just nu, 2019,\u00a0 \u00e4r det mycket yllebroderi som g\u00e4ller. Men jag p\u00e5tar g\u00e4rna eftersom det \u00e4r l\u00e4tt att ta med sig n\u00e4r man busspendlar, och nu senast har jag b\u00f6rjat n\u00e5lbindna.<\/p>\n<p>Annars d\u00e5&#8230;<\/p>\n<p>Jag bor ute i den uppl\u00e4ndska idyllen tillsammans med min familj, min \u00e4lskade make och v\u00e5ra tv\u00e5 barn.<\/p>\n<p>K\u00f6ksbordet \u00e4r min atelj\u00e9,\u00a0 och byn runt omkring mig en av mina m\u00e5nga inspirationsk\u00e4llor.<\/p>\n<p>F\u00f6rutom sl\u00f6jden \u00e4r historia, fr\u00e4mst vikingatid och medeltid intressant. Fotografering ligger mig ocks\u00e5 v\u00e4ldigt varmt om hj\u00e4rtat. Det \u00e4r en kittlande sp\u00e4nning att kunna f\u00e5nga nuet. Att f\u00e5 visa sin version av verkligheten, och i viss m\u00e5n f\u00e5 skapa verklighet. Och s\u00e5 var jag tillbaka till skapandet. Men s\u00e5 \u00e4r det, att den h\u00e4r sidan handlar om just mitt skapande.<\/p>\n","protected":false},"excerpt":{"rendered":"<p>Jag brinner inte f\u00f6r sl\u00f6jd och hantverk. Jag menar, jag st\u00e5r inte p\u00e5 balustraden och ropar ut dess f\u00f6rtr\u00e4fflighet, eller kl\u00e4r in hela bilar med min stickning. Men sl\u00f6jden \u00e4r [&hellip;]<\/p>\n","protected":false},"author":1,"featured_media":0,"parent":0,"menu_order":4,"comment_status":"closed","ping_status":"closed","template":"","meta":[],"_links":{"self":[{"href":"https:\/\/madebyamo.oden.st\/index.php?rest_route=\/wp\/v2\/pages\/5"}],"collection":[{"href":"https:\/\/madebyamo.oden.st\/index.php?rest_route=\/wp\/v2\/pages"}],"about":[{"href":"https:\/\/madebyamo.oden.st\/index.php?rest_route=\/wp\/v2\/types\/page"}],"author":[{"embeddable":true,"href":"https:\/\/madebyamo.oden.st\/index.php?rest_route=\/wp\/v2\/users\/1"}],"replies":[{"embeddable":true,"href":"https:\/\/madebyamo.oden.st\/index.php?rest_route=%2Fwp%2Fv2%2Fcomments&post=5"}],"version-history":[{"count":22,"href":"https:\/\/madebyamo.oden.st\/index.php?rest_route=\/wp\/v2\/pages\/5\/revisions"}],"predecessor-version":[{"id":1560,"href":"https:\/\/madebyamo.oden.st\/index.php?rest_route=\/wp\/v2\/pages\/5\/revisions\/1560"}],"wp:attachment":[{"href":"https:\/\/madebyamo.oden.st\/index.php?rest_route=%2Fwp%2Fv2%2Fmedia&parent=5"}],"curies":[{"name":"wp","href":"https:\/\/api.w.org\/{rel}","templated":true}]}}