{"id":2,"date":"2009-10-26T14:07:35","date_gmt":"2009-10-26T14:07:35","guid":{"rendered":"http:\/\/madebyamo.oden.st\/?page_id=2"},"modified":"2016-02-18T23:10:21","modified_gmt":"2016-02-18T22:10:21","slug":"about","status":"publish","type":"page","link":"http:\/\/madebyamo.oden.st\/?page_id=2","title":{"rendered":"Made by Amo"},"content":{"rendered":"<p>V\u00e4lkommen till Made by Amo, bland stuvar och nystan.<\/p>\n<p>Amo- Det \u00e4r jag, och sidan \u00e4r helt enkelt en portal f\u00f6r mig att att samla mina alster och kanske sprida lite skapargl\u00e4dje. Det h\u00e4r jag visar min k\u00e4rlek till hantverk och lust till sl\u00f6jd. Helt enkelt det som \u00e4r Made by Amo. Jag hoppas du hittar lite inspiration och skaparlust \u00e4ven du, n\u00e4r du tittar runt h\u00e4r.<\/p>\n<p>&nbsp;<\/p>\n","protected":false},"excerpt":{"rendered":"<p>V\u00e4lkommen till Made by Amo, bland stuvar och nystan. Amo- Det \u00e4r jag, och sidan \u00e4r helt enkelt en portal f\u00f6r mig att att samla mina alster och kanske sprida [&hellip;]<\/p>\n","protected":false},"author":1,"featured_media":0,"parent":0,"menu_order":3,"comment_status":"closed","ping_status":"closed","template":"","meta":[],"_links":{"self":[{"href":"http:\/\/madebyamo.oden.st\/index.php?rest_route=\/wp\/v2\/pages\/2"}],"collection":[{"href":"http:\/\/madebyamo.oden.st\/index.php?rest_route=\/wp\/v2\/pages"}],"about":[{"href":"http:\/\/madebyamo.oden.st\/index.php?rest_route=\/wp\/v2\/types\/page"}],"author":[{"embeddable":true,"href":"http:\/\/madebyamo.oden.st\/index.php?rest_route=\/wp\/v2\/users\/1"}],"replies":[{"embeddable":true,"href":"http:\/\/madebyamo.oden.st\/index.php?rest_route=%2Fwp%2Fv2%2Fcomments&post=2"}],"version-history":[{"count":20,"href":"http:\/\/madebyamo.oden.st\/index.php?rest_route=\/wp\/v2\/pages\/2\/revisions"}],"predecessor-version":[{"id":1367,"href":"http:\/\/madebyamo.oden.st\/index.php?rest_route=\/wp\/v2\/pages\/2\/revisions\/1367"}],"wp:attachment":[{"href":"http:\/\/madebyamo.oden.st\/index.php?rest_route=%2Fwp%2Fv2%2Fmedia&parent=2"}],"curies":[{"name":"wp","href":"https:\/\/api.w.org\/{rel}","templated":true}]}}